{"id":477,"date":"2017-02-15T15:42:03","date_gmt":"2017-02-15T15:42:03","guid":{"rendered":"http:\/\/www.sierra-alta.com\/en\/inicio\/"},"modified":"2019-07-06T01:57:53","modified_gmt":"2019-07-06T01:57:53","slug":"inicio","status":"publish","type":"page","link":"https:\/\/www.sierra-alta.com\/en\/","title":{"rendered":"Inicio"},"content":{"rendered":"<section class=\"wpb-content-wrapper\"><p>[vc_row full_width=&#8221;stretch_row_content_no_spaces&#8221; content_placement=&#8221;middle&#8221; bg_type=&#8221;bg_color&#8221; bg_override=&#8221;ex-full&#8221; bg_color_value=&#8221;#ffffff&#8221; css=&#8221;.vc_custom_1556150262936{margin-top: -70px !important;}&#8221; el_id=&#8221;inicio&#8221;][vc_column]\n\t\t\t<!-- START apartamentos rurales benaocaz REVOLUTION SLIDER 6.6.13 --><p class=\"rs-p-wp-fix\"><\/p>\n\t\t\t<rs-module-wrap id=\"rev_slider_1_1_wrapper\" data-source=\"gallery\" style=\"visibility:hidden;background:transparent;padding:0;margin:0px auto;margin-top:0;margin-bottom:0;\">\n\t\t\t\t<rs-module id=\"rev_slider_1_1\" style=\"\" data-version=\"6.6.13\">\n\t\t\t\t\t<rs-slides style=\"overflow: hidden; position: absolute;\">\n\t\t\t\t\t\t<rs-slide style=\"position: absolute;\" data-key=\"rs-1\" data-title=\"Slide\" data-anim=\"adpr:false;\">\n\t\t\t\t\t\t\t<img src=\"\/\/www.sierra-alta.com\/wp-content\/plugins\/revslider\/public\/assets\/assets\/dummy.png\" alt=\"\" title=\"Inicio\" class=\"rev-slidebg tp-rs-img rs-lazyload\" data-lazyload=\"\/\/www.sierra-alta.com\/wp-content\/uploads\/2017\/02\/imagenVideo.jpg\" data-no-retina>\n\t\t\t\t\t\t\t<rs-bgvideo \n\t\t\t\t\t\t\t\tdata-video=\"w:100%;h:100%;nse:false;l:loop;ptimer:true;vfc:true;\"\n\t\t\t\t\t\t\t\tdata-videoogv=\"http:\/\/www.sierra-alta.com\/wp-content\/uploads\/2017\/02\/sierraAlta.mp4\"\n\t\t\t\t\t\t\t\tdata-videowebm=\"http:\/\/www.sierra-alta.com\/wp-content\/uploads\/2017\/02\/sierraAlta.mp4\"\n\t\t\t\t\t\t\t\tdata-mp4=\"\/\/www.sierra-alta.com\/wp-content\/uploads\/2017\/02\/sierraAlta.mp4\"\n\t\t\t\t\t\t\t><\/rs-bgvideo>\n<!---->\t\t\t\t\t\t<\/rs-slide>\n\t\t\t\t\t<\/rs-slides>\n\t\t\t\t<\/rs-module>\n\t\t\t\t<script>\n\t\t\t\t\tsetREVStartSize({c: 'rev_slider_1_1',rl:[1240,1024,778,480],el:[],gw:[1240],gh:[668],type:'standard',justify:'',layout:'fullwidth',mh:\"0\"});if (window.RS_MODULES!==undefined && window.RS_MODULES.modules!==undefined && window.RS_MODULES.modules[\"revslider11\"]!==undefined) {window.RS_MODULES.modules[\"revslider11\"].once = false;window.revapi1 = undefined;if (window.RS_MODULES.checkMinimal!==undefined) window.RS_MODULES.checkMinimal()}\n\t\t\t\t<\/script>\n\t\t\t<\/rs-module-wrap>\n\t\t\t<!-- END REVOLUTION SLIDER -->\n[\/vc_column][\/vc_row][vc_row full_width=&#8221;stretch_row_content_no_spaces&#8221; content_placement=&#8221;middle&#8221; bg_type=&#8221;bg_color&#8221; bg_color_value=&#8221;#ffffff&#8221; css=&#8221;.vc_custom_1556150759814{padding-bottom: 25px !important;}&#8221;][vc_column][vc_column_text]<\/p>\n<div class=\"et_pb_text et_pb_module et_pb_bg_layout_light et_pb_text_align_center et_pb_text_0\">\n<h1 style=\"text-align: center;\">Welcome to the Website of Sierra Alta<\/h1>\n<\/div>\n<div class=\"et_pb_text et_pb_module et_pb_bg_layout_light et_pb_text_align_center et_pb_text_1\"><\/div>\n<p>[\/vc_column_text][vc_column_text css=&#8221;.vc_custom_1556158924159{margin-top: -15px !important;}&#8221;]<\/p>\n<div class=\"et_pb_section et_pb_section_1 et_section_regular\">\n<div class=\" et_pb_row et_pb_row_0\">\n<div class=\"et_pb_column et_pb_column_4_4 et_pb_column_0\">\n<div class=\"et_pb_text et_pb_module et_pb_bg_layout_light et_pb_text_align_center et_pb_text_1\">\n<h3 style=\"text-align: center;\"><span style=\"color: #79814a;\">Rural Apartments in Sierra de C\u00e1diz<\/span><\/h3>\n<\/div>\n<\/div>\n<\/div>\n<\/div>\n<p>[\/vc_column_text][\/vc_column][\/vc_row][vc_row full_width=&#8221;stretch_row&#8221; content_placement=&#8221;middle&#8221; bg_type=&#8221;image&#8221; bg_override=&#8221;ex-full&#8221; enable_overlay=&#8221;enable_overlay_value&#8221; overlay_color=&#8221;rgba(0,0,0,0.46)&#8221; overlay_pattern_opacity=&#8221;40&#8243; overlay_pattern_attachment=&#8221;fixed&#8221; css=&#8221;.vc_custom_1556117132312{background: rgba(0,0,0,0.6) url(http:\/\/www.sierra-alta.com\/wp-content\/uploads\/2017\/02\/parqueNatural.jpg?id=209) !important;*background-color: rgb(0,0,0) !important;}&#8221;][vc_column][vc_column_text css=&#8221;.vc_custom_1556159100557{margin-top: 20px !important;margin-bottom: 45px !important;}&#8221;]<\/p>\n<h3><strong><span style=\"color: #79814a;\">In the Natural Park Sierra de Grazalema, Benaocaz, is a high mountain village and ideal climate. This population with more than five hundred inhabitants and located to 797 m. altitude, brings its Islamic origins with a rich archaeological collection in a teaching in the Historical Museum. The fauna, flora and environment with stunning scenery, away from the stress of big cities, breathing peace and quiet, makes visitors fall in love with this town.<\/span><\/strong><\/h3>\n<h3><strong><span style=\"color: #79814a;\">From there you can make several scenic routes and visits to archaeological sites, besides being an ideal location for caving and climbing, for all is an ideal villa Benaocaz to practice rural tourism.<\/span><\/strong><\/h3>\n<h3><strong><span style=\"color: #79814a;\">Try it, you will love.<\/span><\/strong><\/h3>\n<h3 style=\"text-align: left;\"><strong><span style=\"color: #79814a;\">Desde aqu\u00ed se podr\u00e1n hacer varias rutas paisaj\u00edsticas y visitas a yacimientos arqueol\u00f3gicos, adem\u00e1s de ser un lugar ideal para la espeleolog\u00eda y la escalada; por todo ello Benaocaz es una villa ideal para ejercer el turismo rural.<\/span><\/strong><\/h3>\n<h3 style=\"text-align: left;\"><strong><span style=\"color: #79814a;\">Pru\u00e9belo, le encantara<\/span><\/strong><\/h3>\n<p>[\/vc_column_text][\/vc_column][\/vc_row][vc_row full_width=&#8221;stretch_row_content_no_spaces&#8221; content_placement=&#8221;middle&#8221; bg_type=&#8221;bg_color&#8221; bg_color_value=&#8221;#caceb3&#8243; el_id=&#8221;lacasa&#8221;][vc_column][vc_column_text]<\/p>\n<div class=\"et_pb_text et_pb_module et_pb_bg_layout_light et_pb_text_align_center et_pb_text_0\">\n<h1 style=\"text-align: center;\"><span style=\"color: #ffffff;\">The House<\/span><\/h1>\n<\/div>\n<div class=\"et_pb_text et_pb_module et_pb_bg_layout_light et_pb_text_align_center et_pb_text_1\"><\/div>\n<p>[\/vc_column_text][\/vc_column][\/vc_row][vc_row full_width=&#8221;stretch_row_content_no_spaces&#8221; content_placement=&#8221;middle&#8221; bg_type=&#8221;image&#8221; bg_override=&#8221;ex-full&#8221; css=&#8221;.vc_custom_1556116762822{margin-top: -35px !important;}&#8221;][vc_column][vc_images_carousel images=&#8221;580,442,438,440,441,443,455,466,465,457,464,456&#8243; img_size=&#8221;1540&#215;420&#8243; speed=&#8221;3000&#8243; autoplay=&#8221;yes&#8221; css_animation=&#8221;fadeInLeft&#8221;][\/vc_column][\/vc_row][vc_row full_width=&#8221;stretch_row_content&#8221; bg_type=&#8221;bg_color&#8221; bg_color_value=&#8221;#ffffff&#8221; css=&#8221;.vc_custom_1556130474906{margin-top: -30px !important;padding-bottom: 30px !important;}&#8221;][vc_column][vc_row_inner][vc_column_inner][vc_btn title=&#8221;View Photo Gallery&#8221; style=&#8221;custom&#8221; custom_background=&#8221;#79814a&#8221; custom_text=&#8221;#ffffff&#8221; size=&#8221;lg&#8221; align=&#8221;center&#8221; css_animation=&#8221;top-to-bottom&#8221; link=&#8221;url:http%3A%2F%2Fwww.sierra-alta.com%2Fgaleria%2F|title:Galer%C3%ADa||&#8221; css=&#8221;.vc_custom_1556159168338{margin-top: -10px !important;margin-bottom: 20px !important;}&#8221;][\/vc_column_inner][\/vc_row_inner][vc_row_inner][vc_column_inner width=&#8221;1\/2&#8243;][vc_column_text]<\/p>\n<h2 style=\"padding-left: 40px;\">Sierra Alta has 6 apartments with:<\/h2>\n<ul>\n<li style=\"list-style-type: none;\">\n<ul>\n<li>Fully equipped dining room<\/li>\n<li>Very complete kitchen.<\/li>\n<li>TV, fireplace, sofa bed, tables, chairs and air conditioning.<\/li>\n<li>Fantastic terrace with views and pool.<\/li>\n<li>Sink, hob, fridge, kettle and microwave.<\/li>\n<li>Master bedroom.<\/li>\n<li>Double room.<\/li>\n<li>Double room with heating.<\/li>\n<li>Room with double bed and heating.<\/li>\n<li>Full bathroom with heating.<\/li>\n<li>Internet connection via Wi-Fi.<\/li>\n<\/ul>\n<\/li>\n<\/ul>\n<h3 style=\"padding-left: 40px;\">No pets allowed.<\/h3>\n<p>[\/vc_column_text][\/vc_column_inner][vc_column_inner width=&#8221;1\/2&#8243;][vc_single_image image=&#8221;235&#8243; img_size=&#8221;650&#215;400&#8243;][\/vc_column_inner][\/vc_row_inner][\/vc_column][\/vc_row][vc_row bg_type=&#8221;image&#8221; bg_override=&#8221;ex-full&#8221; enable_overlay=&#8221;enable_overlay_value&#8221; overlay_color=&#8221;rgba(0,0,0,0.56)&#8221; overlay_pattern_opacity=&#8221;55&#8243; css=&#8221;.vc_custom_1562378267004{background-image: url(http:\/\/www.sierra-alta.com\/wp-content\/uploads\/2017\/02\/reservas.jpg?id=333) !important;}&#8221; el_id=&#8221;reservas&#8221;][vc_column][vc_column_text]<\/p>\n<h1 style=\"text-align: center;\"><span style=\"color: #ffffff;\">MAKE A RESERVATION<\/span><\/h1>\n<p>[\/vc_column_text][vc_row_inner][vc_column_inner]<div class=\" bottom-estate_property nobutton \"><div class=\" items_shortcode_wrapper\"><div class=\"listinglink-wrapper\">\n                           <a href=\"#\"> <span class=\"wpb_btn-info wpb_btn-small wpestate_vc_button  vc_button more_list\"> More Listings <\/span><\/a>\n                       <\/div><\/div><\/div>[\/vc_column_inner][\/vc_row_inner][\/vc_column][\/vc_row][vc_row full_width=&#8221;stretch_row_content&#8221; bg_type=&#8221;bg_color&#8221; bg_override=&#8221;ex-full&#8221; bg_color_value=&#8221;#caceb3&#8243; el_id=&#8221;comollegar&#8221;][vc_column][vc_row_inner][vc_column_inner][vc_column_text]<\/p>\n<div class=\"et_pb_fullwidth_header_container center\">\n<div class=\"header-content-container center\">\n<div class=\"header-content\">\n<h1 style=\"text-align: center;\"><span style=\"color: #ffffff;\">Getting there<\/span><\/h1>\n<\/div>\n<\/div>\n<\/div>\n<p>[\/vc_column_text][\/vc_column_inner][\/vc_row_inner][vc_row_inner][vc_column_inner width=&#8221;1\/2&#8243;][vc_column_text]<\/p>\n<h4><span style=\"color: #79814a;\">The Rural Apartments \u201cSierra-Alta\u201d, was found in the Natural Park of Sierra de Grazalema.<\/span><\/h4>\n<h4><span style=\"color: #79814a;\">The apartments are situated in Benaocaz, in the Natural Park Sierra de Grazalema, with full views of nature.<\/span><\/h4>\n<h4><span style=\"color: #79814a;\"><strong>Benaocaz<\/strong><\/span><\/h4>\n<h4><span style=\"color: #79814a;\">Benaocaz is a Spanish municipality in the province of C\u00e1diz, Andalusia.<\/span><\/h4>\n<h4><span style=\"color: #79814a;\">In 2005 had 745 inhabitants. Its surface area is 70 km \u00b2 and has a density of 10.74 inhabitants \/ km \u00b2.<\/span><\/h4>\n<h4><span style=\"color: #79814a;\">Its geographical coordinates are 36 \u00b0 42 \u2018N, 5 \u00b0 25\u2019 W.<\/span><\/h4>\n<h4><span style=\"color: #79814a;\">It is situated at an altitude of 793 meters and 120 kilometers from the provincial capital, C\u00e1diz.<\/span><\/h4>\n<h4><span style=\"color: #79814a;\">Located in the Sierra del Endrinal Tavizna south of the river, and is part of the Route of the Pueblos Blancos.<\/span><\/h4>\n<p>[\/vc_column_text][\/vc_column_inner][vc_column_inner width=&#8221;1\/2&#8243;][vc_gmaps link=&#8221;#E-8_JTNDaWZyYW1lJTIwc3R5bGUlM0QlMjJib3JkZXIlM0ElMjAwJTNCJTIyJTIwc3JjJTNEJTIyaHR0cHMlM0ElMkYlMkZ3d3cuZ29vZ2xlLmNvbSUyRm1hcHMlMkZlbWJlZCUzRnBiJTNEJTIxMW0xOCUyMTFtMTIlMjExbTMlMjExZDMxOTguODc3NDYzMzk4MjU0MyUyMTJkLTUuNDI0MTYxNjIxNTIwMDMzJTIxM2QzNi43MDE0ODIzNTk2NTcxMzUlMjEybTMlMjExZjAlMjEyZjAlMjEzZjAlMjEzbTIlMjExaTEwMjQlMjEyaTc2OCUyMTRmMTMuMSUyMTNtMyUyMTFtMiUyMTFzMHhkMGQxN2IzNzM4NzUyOTUlMjUzQTB4OTI0NTg1MDIzNTkyNTZmMiUyMTJzU2llcnJhLUFsdGElMkJBcGFydGFtZW50b3MlMkJSdXJhbGVzJTIxNWUwJTIxM20yJTIxMXNlcyUyMTJzZXMlMjE0djE0ODcwOTUxMDY4NTElMjIlMjB3aWR0aCUzRCUyMjEwMCUyNSUyMiUyMGhlaWdodCUzRCUyMjQwMCUyMiUyMGZyYW1lYm9yZGVyJTNEJTIyMCUyMiUyMGFsbG93ZnVsbHNjcmVlbiUzRCUyMmFsbG93ZnVsbHNjcmVlbiUyMiUzRSUzQyUyRmlmcmFtZSUzRQ==&#8221;][\/vc_column_inner][\/vc_row_inner][\/vc_column][\/vc_row][vc_row content_placement=&#8221;middle&#8221; bg_type=&#8221;bg_color&#8221; bg_override=&#8221;ex-full&#8221; bg_color_value=&#8221;#ffffff&#8221; el_id=&#8221;actividades&#8221;][vc_column][vc_row_inner content_placement=&#8221;middle&#8221;][vc_column_inner][vc_column_text]<\/p>\n<div class=\"et_pb_fullwidth_header_container center\">\n<div class=\"header-content-container center\">\n<div class=\"header-content\">\n<div class=\" et_pb_row et_pb_row_7\">\n<div class=\"et_pb_column et_pb_column_4_4 et_pb_column_11\">\n<div class=\"et_pb_text et_pb_module et_pb_bg_layout_light et_pb_text_align_center et_pb_text_7\">\n<h1 style=\"text-align: center;\">Activities in our area<\/h1>\n<\/div>\n<\/div>\n<\/div>\n<\/div>\n<\/div>\n<\/div>\n<p>[\/vc_column_text][\/vc_column_inner][\/vc_row_inner][vc_row_inner content_placement=&#8221;middle&#8221;][vc_column_inner width=&#8221;1\/3&#8243;][vc_single_image image=&#8221;252&#8243; img_size=&#8221;320&#215;213&#8243; alignment=&#8221;center&#8221; css_animation=&#8221;slideInDown&#8221;][vc_column_text]<span style=\"color: #79814a;\">Sightseeing:<\/span><\/p>\n<ul>\n<li><span style=\"color: #79814a;\">Nazari neighborhood (Benaocaz)<\/span><\/li>\n<li><span style=\"color: #79814a;\">Ocvri ruins\u00a0(Ubrique)<\/span><\/li>\n<li><span style=\"color: #79814a;\">Urban Area\u00a0(Grazalema)<\/span><\/li>\n<li><span style=\"color: #79814a;\">Plaza de Toros (Villaluenga)<\/span><\/li>\n<\/ul>\n<p>[\/vc_column_text][\/vc_column_inner][vc_column_inner width=&#8221;1\/3&#8243;][vc_single_image image=&#8221;250&#8243; img_size=&#8221;320&#215;213&#8243; alignment=&#8221;center&#8221; css_animation=&#8221;slideInDown&#8221;][vc_column_text]<span style=\"color: #79814a;\">Shopping:<\/span><\/p>\n<ul>\n<li><span style=\"color: #79814a;\">Chacinas (Benaocaz)<\/span><\/li>\n<li><span style=\"color: #79814a;\">Leather Goods\u00a0(Ubrique)<\/span><\/li>\n<li><span style=\"color: #79814a;\">Blankets\u00a0(Grazalema)<\/span><\/li>\n<li><span style=\"color: #79814a;\">Artisanal cheese\u00a0(Villaluenga)<\/span><\/li>\n<\/ul>\n<p>[\/vc_column_text][\/vc_column_inner][vc_column_inner width=&#8221;1\/3&#8243; css=&#8221;.vc_custom_1556142484822{margin-top: -25px !important;}&#8221;][vc_single_image image=&#8221;251&#8243; img_size=&#8221;320&#215;213&#8243; alignment=&#8221;center&#8221; css_animation=&#8221;slideInDown&#8221;][vc_column_text]<span style=\"color: #79814a;\">Hiking:<\/span><\/p>\n<ul>\n<li><span style=\"color: #79814a;\">Routes\u00a0(with guides)<\/span><\/li>\n<\/ul>\n<p>[\/vc_column_text][\/vc_column_inner][\/vc_row_inner][\/vc_column][\/vc_row][vc_row full_width=&#8221;stretch_row&#8221; bg_type=&#8221;bg_color&#8221; bg_color_value=&#8221;#caceb3&#8243; el_id=&#8221;contacto&#8221; css=&#8221;.vc_custom_1556144008484{padding-bottom: 35px !important;}&#8221;][vc_column][vc_row_inner][vc_column_inner][vc_column_text]<\/p>\n<div class=\"et_pb_fullwidth_header_container center\">\n<div class=\"header-content-container center\">\n<div class=\"header-content\">\n<div class=\" et_pb_row et_pb_row_7\">\n<div class=\"et_pb_column et_pb_column_4_4 et_pb_column_11\">\n<div class=\"et_pb_text et_pb_module et_pb_bg_layout_light et_pb_text_align_center et_pb_text_7\">\n<h1 style=\"text-align: center;\"><span style=\"color: #ffffff;\">Contact<\/span><\/h1>\n<\/div>\n<\/div>\n<\/div>\n<\/div>\n<\/div>\n<\/div>\n<p>[\/vc_column_text][\/vc_column_inner][\/vc_row_inner][vc_row_inner][vc_column_inner width=&#8221;1\/3&#8243;][vc_column_text]<span style=\"color: #79814a;\"><strong>Address<\/strong><\/span><br \/>\n<span style=\"color: #79814a;\">C\/ Puente del Moro, s\/n<\/span><br \/>\n<span style=\"color: #79814a;\">11612 \u2013 Benaocaz (C\u00e1diz)<\/span><\/p>\n<p><span style=\"color: #79814a;\"><strong>Phone<\/strong><\/span><br \/>\n<span style=\"color: #79814a;\">(+34) 608 254 493<\/span><\/p>\n<p><span style=\"color: #79814a;\"><strong>Email<\/strong><\/span><br \/>\n<span style=\"color: #79814a;\">apartamentosalta@gmail.com<\/span>[\/vc_column_text][\/vc_column_inner][vc_column_inner width=&#8221;2\/3&#8243;]\n<div class=\"wpcf7 no-js\" id=\"wpcf7-f484-o1\" lang=\"es-ES\" dir=\"ltr\">\n<div class=\"screen-reader-response\"><p role=\"status\" aria-live=\"polite\" aria-atomic=\"true\"><\/p> <ul><\/ul><\/div>\n<form action=\"\/en\/wp-json\/wp\/v2\/pages\/477#wpcf7-f484-o1\" method=\"post\" class=\"wpcf7-form init\" aria-label=\"Formulario de contacto\" novalidate=\"novalidate\" data-status=\"init\">\n<div style=\"display: none;\">\n<input type=\"hidden\" name=\"_wpcf7\" value=\"484\" \/>\n<input type=\"hidden\" name=\"_wpcf7_version\" value=\"5.7.7\" \/>\n<input type=\"hidden\" name=\"_wpcf7_locale\" value=\"es_ES\" \/>\n<input type=\"hidden\" name=\"_wpcf7_unit_tag\" value=\"wpcf7-f484-o1\" \/>\n<input type=\"hidden\" name=\"_wpcf7_container_post\" value=\"0\" \/>\n<input type=\"hidden\" name=\"_wpcf7_posted_data_hash\" value=\"\" \/>\n<input type=\"hidden\" name=\"_wpcf7_recaptcha_response\" value=\"\" \/>\n<\/div>\n<p><label> <span class=\"wpcf7-form-control-wrap\" data-name=\"your-name\"><input size=\"40\" class=\"wpcf7-form-control wpcf7-text wpcf7-validates-as-required\" aria-required=\"true\" aria-invalid=\"false\" placeholder=\"Name *\" value=\"\" type=\"text\" name=\"your-name\" \/><\/span> <\/label>\n<\/p>\n<p><label> <span class=\"wpcf7-form-control-wrap\" data-name=\"your-email\"><input size=\"40\" class=\"wpcf7-form-control wpcf7-text wpcf7-email wpcf7-validates-as-required wpcf7-validates-as-email\" aria-required=\"true\" aria-invalid=\"false\" placeholder=\"E-mail *\" value=\"\" type=\"email\" name=\"your-email\" \/><\/span> <\/label>\n<\/p>\n<p><label> <span class=\"wpcf7-form-control-wrap\" data-name=\"your-phone\"><input size=\"40\" class=\"wpcf7-form-control wpcf7-text wpcf7-tel wpcf7-validates-as-tel\" aria-invalid=\"false\" placeholder=\"Phone\" value=\"\" type=\"tel\" name=\"your-phone\" \/><\/span> <\/label>\n<\/p>\n<p><label> <span class=\"wpcf7-form-control-wrap\" data-name=\"your-message\"><textarea cols=\"40\" rows=\"10\" class=\"wpcf7-form-control wpcf7-textarea wpcf7-validates-as-required\" aria-required=\"true\" aria-invalid=\"false\" placeholder=\"Message *\" name=\"your-message\"><\/textarea><\/span> <\/label>\n<\/p>\n\n<p><input class=\"wpcf7-form-control has-spinner wpcf7-submit\" type=\"submit\" value=\"Send\" \/>\n<\/p><p style=\"display: none !important;\"><label>&#916;<textarea name=\"_wpcf7_ak_hp_textarea\" cols=\"45\" rows=\"8\" maxlength=\"100\"><\/textarea><\/label><input type=\"hidden\" id=\"ak_js_1\" name=\"_wpcf7_ak_js\" value=\"245\"\/><script>document.getElementById( \"ak_js_1\" ).setAttribute( \"value\", ( new Date() ).getTime() );<\/script><\/p><div class=\"wpcf7-response-output\" aria-hidden=\"true\"><\/div>\n<\/form>\n<\/div>\n[\/vc_column_inner][\/vc_row_inner][\/vc_column][\/vc_row]<\/p>\n<\/section>","protected":false},"excerpt":{"rendered":"<p>[vc_row full_width=&#8221;stretch_row_content_no_spaces&#8221; content_placement=&#8221;middle&#8221; bg_type=&#8221;bg_color&#8221; bg_override=&#8221;ex-full&#8221; bg_color_value=&#8221;#ffffff&#8221; css=&#8221;.vc_custom_1556150262936{margin-top: -70px !important;}&#8221; el_id=&#8221;inicio&#8221;][vc_column][\/vc_column][\/vc_row][vc_row full_width=&#8221;stretch_row_content_no_spaces&#8221; content_placement=&#8221;middle&#8221; bg_type=&#8221;bg_color&#8221; bg_color_value=&#8221;#ffffff&#8221; css=&#8221;.vc_custom_1556150759814{padding-bottom: 25px !important;}&#8221;][vc_column][vc_column_text] Welcome to the Website of Sierra Alta [\/vc_column_text][vc_column_text css=&#8221;.vc_custom_1556158924159{margin-top: -15px !important;}&#8221;] Rural Apartments in Sierra de C\u00e1diz [\/vc_column_text][\/vc_column][\/vc_row][vc_row full_width=&#8221;stretch_row&#8221; content_placement=&#8221;middle&#8221; bg_type=&#8221;image&#8221; bg_override=&#8221;ex-full&#8221; enable_overlay=&#8221;enable_overlay_value&#8221; overlay_color=&#8221;rgba(0,0,0,0.46)&#8221; overlay_pattern_opacity=&#8221;40&#8243; overlay_pattern_attachment=&#8221;fixed&#8221; css=&#8221;.vc_custom_1556117132312{background: rgba(0,0,0,0.6) url(http:\/\/www.sierra-alta.com\/wp-content\/uploads\/2017\/02\/parqueNatural.jpg?id=209) !important;*background-color: rgb(0,0,0) !important;}&#8221;][vc_column][vc_column_text css=&#8221;.vc_custom_1556159100557{margin-top: 20px !important;margin-bottom: 45px !important;}&#8221;] In &#8230;<\/p>\n","protected":false},"author":1,"featured_media":0,"parent":0,"menu_order":0,"comment_status":"closed","ping_status":"closed","template":"","meta":[],"jetpack_sharing_enabled":true,"jetpack_shortlink":"https:\/\/wp.me\/P8qEG1-7H","_links":{"self":[{"href":"https:\/\/www.sierra-alta.com\/en\/wp-json\/wp\/v2\/pages\/477"}],"collection":[{"href":"https:\/\/www.sierra-alta.com\/en\/wp-json\/wp\/v2\/pages"}],"about":[{"href":"https:\/\/www.sierra-alta.com\/en\/wp-json\/wp\/v2\/types\/page"}],"author":[{"embeddable":true,"href":"https:\/\/www.sierra-alta.com\/en\/wp-json\/wp\/v2\/users\/1"}],"replies":[{"embeddable":true,"href":"https:\/\/www.sierra-alta.com\/en\/wp-json\/wp\/v2\/comments?post=477"}],"version-history":[{"count":10,"href":"https:\/\/www.sierra-alta.com\/en\/wp-json\/wp\/v2\/pages\/477\/revisions"}],"predecessor-version":[{"id":1114,"href":"https:\/\/www.sierra-alta.com\/en\/wp-json\/wp\/v2\/pages\/477\/revisions\/1114"}],"wp:attachment":[{"href":"https:\/\/www.sierra-alta.com\/en\/wp-json\/wp\/v2\/media?parent=477"}],"curies":[{"name":"wp","href":"https:\/\/api.w.org\/{rel}","templated":true}]}}