{"id":534,"date":"2017-02-15T15:42:03","date_gmt":"2017-02-15T15:42:03","guid":{"rendered":"http:\/\/www.sierra-alta.com\/de\/inicio\/"},"modified":"2019-07-06T02:22:24","modified_gmt":"2019-07-06T02:22:24","slug":"inicio","status":"publish","type":"page","link":"https:\/\/www.sierra-alta.com\/de\/","title":{"rendered":"Inicio"},"content":{"rendered":"<section class=\"wpb-content-wrapper\"><p>[vc_row full_width=&#8221;stretch_row_content_no_spaces&#8221; content_placement=&#8221;middle&#8221; bg_type=&#8221;bg_color&#8221; bg_override=&#8221;ex-full&#8221; bg_color_value=&#8221;#ffffff&#8221; css=&#8221;.vc_custom_1556150262936{margin-top: -70px !important;}&#8221; el_id=&#8221;inicio&#8221;][vc_column]\n\t\t\t<!-- START apartamentos rurales benaocaz REVOLUTION SLIDER 6.6.13 --><p class=\"rs-p-wp-fix\"><\/p>\n\t\t\t<rs-module-wrap id=\"rev_slider_1_1_wrapper\" data-source=\"gallery\" style=\"visibility:hidden;background:transparent;padding:0;margin:0px auto;margin-top:0;margin-bottom:0;\">\n\t\t\t\t<rs-module id=\"rev_slider_1_1\" style=\"\" data-version=\"6.6.13\">\n\t\t\t\t\t<rs-slides style=\"overflow: hidden; position: absolute;\">\n\t\t\t\t\t\t<rs-slide style=\"position: absolute;\" data-key=\"rs-1\" data-title=\"Slide\" data-anim=\"adpr:false;\">\n\t\t\t\t\t\t\t<img src=\"\/\/www.sierra-alta.com\/wp-content\/plugins\/revslider\/public\/assets\/assets\/dummy.png\" alt=\"\" title=\"Inicio\" class=\"rev-slidebg tp-rs-img rs-lazyload\" data-lazyload=\"\/\/www.sierra-alta.com\/wp-content\/uploads\/2017\/02\/imagenVideo.jpg\" data-no-retina>\n\t\t\t\t\t\t\t<rs-bgvideo \n\t\t\t\t\t\t\t\tdata-video=\"w:100%;h:100%;nse:false;l:loop;ptimer:true;vfc:true;\"\n\t\t\t\t\t\t\t\tdata-videoogv=\"http:\/\/www.sierra-alta.com\/wp-content\/uploads\/2017\/02\/sierraAlta.mp4\"\n\t\t\t\t\t\t\t\tdata-videowebm=\"http:\/\/www.sierra-alta.com\/wp-content\/uploads\/2017\/02\/sierraAlta.mp4\"\n\t\t\t\t\t\t\t\tdata-mp4=\"\/\/www.sierra-alta.com\/wp-content\/uploads\/2017\/02\/sierraAlta.mp4\"\n\t\t\t\t\t\t\t><\/rs-bgvideo>\n<!---->\t\t\t\t\t\t<\/rs-slide>\n\t\t\t\t\t<\/rs-slides>\n\t\t\t\t<\/rs-module>\n\t\t\t\t<script>\n\t\t\t\t\tsetREVStartSize({c: 'rev_slider_1_1',rl:[1240,1024,778,480],el:[],gw:[1240],gh:[668],type:'standard',justify:'',layout:'fullwidth',mh:\"0\"});if (window.RS_MODULES!==undefined && window.RS_MODULES.modules!==undefined && window.RS_MODULES.modules[\"revslider11\"]!==undefined) {window.RS_MODULES.modules[\"revslider11\"].once = false;window.revapi1 = undefined;if (window.RS_MODULES.checkMinimal!==undefined) window.RS_MODULES.checkMinimal()}\n\t\t\t\t<\/script>\n\t\t\t<\/rs-module-wrap>\n\t\t\t<!-- END REVOLUTION SLIDER -->\n[\/vc_column][\/vc_row][vc_row full_width=&#8221;stretch_row_content_no_spaces&#8221; content_placement=&#8221;middle&#8221; bg_type=&#8221;bg_color&#8221; bg_color_value=&#8221;#ffffff&#8221; css=&#8221;.vc_custom_1556150759814{padding-bottom: 25px !important;}&#8221;][vc_column][vc_column_text]<\/p>\n<div class=\"et_pb_text et_pb_module et_pb_bg_layout_light et_pb_text_align_center et_pb_text_0\">\n<h1 style=\"text-align: center;\">Willkommen auf der Webseite von Sierra Alta<\/h1>\n<\/div>\n<div class=\"et_pb_text et_pb_module et_pb_bg_layout_light et_pb_text_align_center et_pb_text_1\"><\/div>\n<p>[\/vc_column_text][vc_column_text css=&#8221;.vc_custom_1556159862046{margin-top: -15px !important;}&#8221;]<\/p>\n<div class=\"et_pb_section et_pb_section_1 et_section_regular\">\n<div class=\" et_pb_row et_pb_row_0\">\n<div class=\"et_pb_column et_pb_column_4_4 et_pb_column_0\">\n<div class=\"et_pb_text et_pb_module et_pb_bg_layout_light et_pb_text_align_center et_pb_text_1\">\n<h3 style=\"text-align: center;\"><span style=\"color: #79814a;\">L\u00e4ndlichen Wohnungen in der Sierra de Cadiz<\/span><\/h3>\n<\/div>\n<\/div>\n<\/div>\n<\/div>\n<p>[\/vc_column_text][\/vc_column][\/vc_row][vc_row full_width=&#8221;stretch_row&#8221; content_placement=&#8221;middle&#8221; bg_type=&#8221;image&#8221; bg_override=&#8221;ex-full&#8221; enable_overlay=&#8221;enable_overlay_value&#8221; overlay_color=&#8221;rgba(0,0,0,0.46)&#8221; overlay_pattern_opacity=&#8221;40&#8243; overlay_pattern_attachment=&#8221;fixed&#8221; css=&#8221;.vc_custom_1556117132312{background: rgba(0,0,0,0.6) url(http:\/\/www.sierra-alta.com\/wp-content\/uploads\/2017\/02\/parqueNatural.jpg?id=209) !important;*background-color: rgb(0,0,0) !important;}&#8221;][vc_column][vc_column_text css=&#8221;.vc_custom_1556159906728{margin-top: 20px !important;margin-bottom: 45px !important;}&#8221;]<\/p>\n<h3><span style=\"color: #79814a;\">Im Naturpark Sierra de Grazalema, Benaocaz, ist ein hoher berg dorf und ein ideales klima. Dieser teil der bev\u00f6lkerung mit mehr als 500 einwohner und bis 797 m. entfernt h\u00f6he, bringt seine islamischen wurzeln mit einem reichhaltigen arch\u00e4ologischen sammlung in eine lehre im historischen museum. Die fauna, flora und umgebung mit atemberaubender landschaft, weit weg vom stress der gro\u00dfstadt, die atmung ruhe und macht besucher verlieben sich in dieser stadt.<\/span><\/h3>\n<h3><span style=\"color: #79814a;\">Von dort k\u00f6nnen sie mehrere landschaftlich sch\u00f6ne routen und besichtigungen der arch\u00e4ologischen st\u00e4tten zu machen, abgesehen davon, ein idealer standort f\u00fcr h\u00f6hlenforschung, klettern, f\u00fcr alle ist ein ideales haus Benaocaz zu l\u00e4ndlichem tourismus praxis.<\/span><\/h3>\n<h3><span style=\"color: #79814a;\">Probieren Sie es aus, Sie werden es liebenz<\/span><\/h3>\n<p>[\/vc_column_text][\/vc_column][\/vc_row][vc_row full_width=&#8221;stretch_row_content_no_spaces&#8221; content_placement=&#8221;middle&#8221; bg_type=&#8221;bg_color&#8221; bg_color_value=&#8221;#caceb3&#8243; el_id=&#8221;lacasa&#8221;][vc_column][vc_column_text]<\/p>\n<div class=\"et_pb_text et_pb_module et_pb_bg_layout_light et_pb_text_align_center et_pb_text_0\">\n<h1 style=\"text-align: center;\"><span style=\"color: #ffffff;\">Das Haus<\/span><\/h1>\n<\/div>\n<div class=\"et_pb_text et_pb_module et_pb_bg_layout_light et_pb_text_align_center et_pb_text_1\"><\/div>\n<p>[\/vc_column_text][\/vc_column][\/vc_row][vc_row full_width=&#8221;stretch_row_content_no_spaces&#8221; content_placement=&#8221;middle&#8221; bg_type=&#8221;image&#8221; bg_override=&#8221;ex-full&#8221; css=&#8221;.vc_custom_1556116762822{margin-top: -35px !important;}&#8221;][vc_column][vc_images_carousel images=&#8221;580,442,438,440,441,443,455,466,465,457,464,456&#8243; img_size=&#8221;1540&#215;420&#8243; speed=&#8221;3000&#8243; autoplay=&#8221;yes&#8221; css_animation=&#8221;fadeInLeft&#8221;][\/vc_column][\/vc_row][vc_row full_width=&#8221;stretch_row_content&#8221; bg_type=&#8221;bg_color&#8221; bg_color_value=&#8221;#ffffff&#8221; css=&#8221;.vc_custom_1556130474906{margin-top: -30px !important;padding-bottom: 30px !important;}&#8221;][vc_column][vc_row_inner][vc_column_inner][vc_btn title=&#8221;Siehe Fotogalerie&#8221; style=&#8221;custom&#8221; custom_background=&#8221;#79814a&#8221; custom_text=&#8221;#ffffff&#8221; size=&#8221;lg&#8221; align=&#8221;center&#8221; css_animation=&#8221;top-to-bottom&#8221; link=&#8221;url:http%3A%2F%2Fwww.sierra-alta.com%2Fgaleria%2F|title:Galer%C3%ADa||&#8221; css=&#8221;.vc_custom_1556159947619{margin-top: -10px !important;margin-bottom: 20px !important;}&#8221;][\/vc_column_inner][\/vc_row_inner][vc_row_inner][vc_column_inner width=&#8221;1\/2&#8243;][vc_column_text]<\/p>\n<h2>Sierra Alta verf\u00fcgt \u00fcber 6 Apartments mit:<\/h2>\n<p>&nbsp;<\/p>\n<ul>\n<li><span style=\"color: #79814a;\">Voll ausgestattete Speisesaal.<\/span><\/li>\n<li><span style=\"color: #79814a;\">Sehr komplette K\u00fcche.<\/span><\/li>\n<li><span style=\"color: #79814a;\">TV, Kamin, Sofa-Bett, Tische, St\u00fchle und eine Klimaanlage.<\/span><\/li>\n<li><span style=\"color: #79814a;\">Fantastische Terrasse mit Aussicht und Pool.<\/span><\/li>\n<li><span style=\"color: #79814a;\">Sp\u00fcle, Herd, K\u00fchlschrank, Wasserkocher und Mikrowelle.<\/span><\/li>\n<li><span style=\"color: #79814a;\">Master-Schlafzimmer.<\/span><\/li>\n<li><span style=\"color: #79814a;\">Doppelzimmer.<\/span><\/li>\n<li><span style=\"color: #79814a;\">Doppelzimmer mit Heizung.<\/span><\/li>\n<li><span style=\"color: #79814a;\">Zimmer mit Doppelbett und Heizung.<\/span><\/li>\n<li><span style=\"color: #79814a;\">Komplettes Badezimmer mit Heizung.<\/span><\/li>\n<li><span style=\"color: #79814a;\">Internet-Verbindung via Wi-Fi.<\/span><\/li>\n<\/ul>\n<h3><\/h3>\n<h3>Haustiere sind nicht erlaubt.<\/h3>\n<p>[\/vc_column_text][\/vc_column_inner][vc_column_inner width=&#8221;1\/2&#8243;][vc_single_image image=&#8221;235&#8243; img_size=&#8221;650&#215;400&#8243;][\/vc_column_inner][\/vc_row_inner][\/vc_column][\/vc_row][vc_row bg_type=&#8221;image&#8221; bg_override=&#8221;ex-full&#8221; enable_overlay=&#8221;enable_overlay_value&#8221; overlay_color=&#8221;rgba(0,0,0,0.56)&#8221; overlay_pattern_opacity=&#8221;55&#8243; css=&#8221;.vc_custom_1562378349073{background-image: url(http:\/\/www.sierra-alta.com\/wp-content\/uploads\/2017\/02\/reservas.jpg?id=333) !important;}&#8221; el_id=&#8221;reservas&#8221;][vc_column][vc_column_text]<\/p>\n<h1 style=\"text-align: center;\"><span style=\"color: #ffffff;\">RESERVIEREN<\/span><\/h1>\n<p>[\/vc_column_text]<div class=\" bottom-estate_property nobutton \"><div class=\" items_shortcode_wrapper\">\n<div itemscope itemtype=\"http:\/\/schema.org\/Product\" class=\"listing_wrapper col-md-4 shortcode-col property_unit_v3  property_flex propety_unit_3\" data-org=\"4\" data-listid=\"1119\" >\n    \n    <div class=\"property_listing\" >\n        \n\n            <div class=\"listing-unit-img-wrapper\">\n                <div id=\"property_unit_carousel_69fc88454abe1\" class=\"carousel property_unit_carousel slide  \" data-ride=\"carousel\" data-interval=\"false\">\n                    <div class=\"carousel-inner\">\n                        <div class=\"item active\">\n                            <a href=\"https:\/\/www.sierra-alta.com\/de\/properties\/rural-benaocaz-6\/\" target=\"_self\" ><img itemprop=\"image\"  src=\"https:\/\/www.sierra-alta.com\/wp-content\/themes\/wprentals-child\/img\/defaultimage_prop.jpg\" class=\"b-lazy img-responsive wp-post-image  lazy-hidden\" alt=\"image\" \/><\/a>\n                        <\/div>\n                        \n                    <\/div><a href=\"https:\/\/www.sierra-alta.com\/de\/properties\/rural-benaocaz-6\/\"> <\/a><\/div><div class=\"price_unit_wrapper\"> <\/div><div class=\"price_unit\"><\/div><\/div>\n            <div class=\"property_unit_action\">\n                <span class=\"icon-fav icon-fav-off\" data-original-title=\"add to favorites\" data-postid=\"1119\"><i class=\"fas fa-heart\"><\/i><\/span>\n            <\/div>\n\n\n\n            <div class=\"featured_div\">featured<\/div><div class=\"property_status_wrapper\"><\/div>\n            <div class=\"title-container\">\n\n                <div class=rating_placeholder><\/div>\n                <div class=\"category_name\">\n                        <a  itemprop=\"url\"  href=\"https:\/\/www.sierra-alta.com\/de\/properties\/rural-benaocaz-6\/\"  class=\"listing_title_unit\" >\n    \n    \n<!--    <span itemprop=\"name\">-->\n    Apartamento Rural en Benaocaz 6<!--    <\/span>-->\n<\/a>\n                    <div class=\"category_tagline actions_icon\">\n                        \/ <a href=\"https:\/\/www.sierra-alta.com\/de\/action\/apartamento-rural-de\/\" rel=\"tag\">Apartamento Rural<\/a>                    <\/div>\n\n                    <div class=\"category_tagline custom_details\">\n                       <div class=\"custom_listing_data\"><span class=\"custom_listing_data_label\">Dormitorios:<\/span>1<\/div>                    <\/div>\n                <\/div>\n\n\n            <\/div>\n            <\/div>\n<\/div>\n<\/div><\/div>[\/vc_column][\/vc_row][vc_row full_width=&#8221;stretch_row_content&#8221; bg_type=&#8221;bg_color&#8221; bg_override=&#8221;ex-full&#8221; bg_color_value=&#8221;#caceb3&#8243; el_id=&#8221;comollegar&#8221;][vc_column][vc_row_inner][vc_column_inner][vc_column_text]<\/p>\n<div class=\"et_pb_fullwidth_header_container center\">\n<div class=\"header-content-container center\">\n<div class=\"header-content\">\n<h1 style=\"text-align: center;\"><span style=\"color: #ffffff;\">Anreise<\/span><\/h1>\n<\/div>\n<\/div>\n<\/div>\n<p>[\/vc_column_text][\/vc_column_inner][\/vc_row_inner][vc_row_inner][vc_column_inner width=&#8221;1\/2&#8243;][vc_column_text]<\/p>\n<h4><span style=\"color: #79814a;\">Die l\u00e4ndliche Apartments \u201cSierra-Alta\u201d, wurde in den Naturpark Sierra de Grazalema gefunden.<\/span><\/h4>\n<h4><span style=\"color: #79814a;\">Die Wohnungen sind in Benaocaz, gelegen, in der Sierra de Grazalema Naturpark, mit vollem Blick auf die Natur.<\/span><\/h4>\n<h4><span style=\"color: #79814a;\"><strong>Benaocaz<\/strong><\/span><\/h4>\n<h4><span style=\"color: #79814a;\">Benaocaz ist eine spanische Gemeinde in der Provinz C\u00e1diz, Andaluc\u00eda.<\/span><\/h4>\n<h4><span style=\"color: #79814a;\">Im Jahr 2005 hatte 745 Einwohner. Seine Fl\u00e4che betr\u00e4gt 70 km \u00b2 und weist eine Dichte von 10,74 Einwohner \/ km \u00b2<\/span><\/h4>\n<h4><span style=\"color: #79814a;\">Seine geographische Koordinaten sind 36 \u00b0 42 \u2018N, 5 \u00b0 25\u2019 W.<\/span><\/h4>\n<h4><span style=\"color: #79814a;\">Es liegt auf einer H\u00f6he von 793 Metern und 120 Kilometer von der Provinzhauptstadt C\u00e1diz entfernt.<\/span><\/h4>\n<h4><span style=\"color: #79814a;\">Das Hotel liegt in der Sierra del Endrinal, s\u00fcdlich des flusses Tavizna,und ist Teil derRoute der Pueblos Blancos.<\/span><\/h4>\n<p>[\/vc_column_text][\/vc_column_inner][vc_column_inner width=&#8221;1\/2&#8243;][vc_gmaps link=&#8221;#E-8_JTNDaWZyYW1lJTIwc3R5bGUlM0QlMjJib3JkZXIlM0ElMjAwJTNCJTIyJTIwc3JjJTNEJTIyaHR0cHMlM0ElMkYlMkZ3d3cuZ29vZ2xlLmNvbSUyRm1hcHMlMkZlbWJlZCUzRnBiJTNEJTIxMW0xOCUyMTFtMTIlMjExbTMlMjExZDMxOTguODc3NDYzMzk4MjU0MyUyMTJkLTUuNDI0MTYxNjIxNTIwMDMzJTIxM2QzNi43MDE0ODIzNTk2NTcxMzUlMjEybTMlMjExZjAlMjEyZjAlMjEzZjAlMjEzbTIlMjExaTEwMjQlMjEyaTc2OCUyMTRmMTMuMSUyMTNtMyUyMTFtMiUyMTFzMHhkMGQxN2IzNzM4NzUyOTUlMjUzQTB4OTI0NTg1MDIzNTkyNTZmMiUyMTJzU2llcnJhLUFsdGElMkJBcGFydGFtZW50b3MlMkJSdXJhbGVzJTIxNWUwJTIxM20yJTIxMXNlcyUyMTJzZXMlMjE0djE0ODcwOTUxMDY4NTElMjIlMjB3aWR0aCUzRCUyMjEwMCUyNSUyMiUyMGhlaWdodCUzRCUyMjQwMCUyMiUyMGZyYW1lYm9yZGVyJTNEJTIyMCUyMiUyMGFsbG93ZnVsbHNjcmVlbiUzRCUyMmFsbG93ZnVsbHNjcmVlbiUyMiUzRSUzQyUyRmlmcmFtZSUzRQ==&#8221;][\/vc_column_inner][\/vc_row_inner][\/vc_column][\/vc_row][vc_row content_placement=&#8221;middle&#8221; bg_type=&#8221;bg_color&#8221; bg_override=&#8221;ex-full&#8221; bg_color_value=&#8221;#ffffff&#8221; el_id=&#8221;actividades&#8221;][vc_column][vc_row_inner content_placement=&#8221;middle&#8221;][vc_column_inner][vc_column_text]<\/p>\n<div class=\"et_pb_fullwidth_header_container center\">\n<div class=\"header-content-container center\">\n<div class=\"header-content\">\n<div class=\" et_pb_row et_pb_row_7\">\n<div class=\"et_pb_column et_pb_column_4_4 et_pb_column_11\">\n<div class=\"et_pb_text et_pb_module et_pb_bg_layout_light et_pb_text_align_center et_pb_text_7\">\n<h1 style=\"text-align: center;\">Aktivit\u00e4ten in unserer Region<\/h1>\n<\/div>\n<\/div>\n<\/div>\n<\/div>\n<\/div>\n<\/div>\n<p>[\/vc_column_text][\/vc_column_inner][\/vc_row_inner][vc_row_inner content_placement=&#8221;middle&#8221;][vc_column_inner width=&#8221;1\/3&#8243;][vc_single_image image=&#8221;252&#8243; img_size=&#8221;320&#215;213&#8243; alignment=&#8221;center&#8221; css_animation=&#8221;slideInDown&#8221;][vc_column_text]<span style=\"color: #79814a;\">Sightseeing:<\/span><\/p>\n<ul>\n<li><span style=\"color: #79814a;\">Nazari Quarter\u00a0(Benaocaz)<\/span><\/li>\n<li><span style=\"color: #79814a;\">Ocvri Ruins\u00a0(Ubrique)<\/span><\/li>\n<li><span style=\"color: #79814a;\">Dorfzentrum\u00a0(Grazalema)<\/span><\/li>\n<li><span style=\"color: #79814a;\">Plaza de Toros (Villaluenga)<\/span><\/li>\n<\/ul>\n<p>[\/vc_column_text][\/vc_column_inner][vc_column_inner width=&#8221;1\/3&#8243;][vc_single_image image=&#8221;250&#8243; img_size=&#8221;320&#215;213&#8243; alignment=&#8221;center&#8221; css_animation=&#8221;slideInDown&#8221;][vc_column_text]<span style=\"color: #79814a;\">Shopping:<\/span><\/p>\n<ul>\n<li><span style=\"color: #79814a;\">Chacinas (Benaocaz)<\/span><\/li>\n<li><span style=\"color: #79814a;\">Lederwaren\u00a0(Ubrique)<\/span><\/li>\n<li><span style=\"color: #79814a;\">Decken\u00a0(Grazalema)<\/span><\/li>\n<li><span style=\"color: #79814a;\">Artisanal Cheese\u00a0(Villaluenga)<\/span><\/li>\n<\/ul>\n<p>[\/vc_column_text][\/vc_column_inner][vc_column_inner width=&#8221;1\/3&#8243; css=&#8221;.vc_custom_1556142484822{margin-top: -25px !important;}&#8221;][vc_single_image image=&#8221;251&#8243; img_size=&#8221;320&#215;213&#8243; alignment=&#8221;center&#8221; css_animation=&#8221;slideInDown&#8221;][vc_column_text]<span style=\"color: #79814a;\">Wandern:<\/span><\/p>\n<ul>\n<li><span style=\"color: #79814a;\">Routen\u00a0(mit F\u00fchrungen)<\/span><\/li>\n<\/ul>\n<p>[\/vc_column_text][\/vc_column_inner][\/vc_row_inner][\/vc_column][\/vc_row][vc_row full_width=&#8221;stretch_row&#8221; bg_type=&#8221;bg_color&#8221; bg_color_value=&#8221;#caceb3&#8243; el_id=&#8221;contacto&#8221; css=&#8221;.vc_custom_1556144008484{padding-bottom: 35px !important;}&#8221;][vc_column][vc_row_inner][vc_column_inner][vc_column_text]<\/p>\n<div class=\"et_pb_fullwidth_header_container center\">\n<div class=\"header-content-container center\">\n<div class=\"header-content\">\n<div class=\" et_pb_row et_pb_row_7\">\n<div class=\"et_pb_column et_pb_column_4_4 et_pb_column_11\">\n<div class=\"et_pb_text et_pb_module et_pb_bg_layout_light et_pb_text_align_center et_pb_text_7\">\n<h1 style=\"text-align: center;\"><span style=\"color: #ffffff;\">Kontakt<\/span><\/h1>\n<\/div>\n<\/div>\n<\/div>\n<\/div>\n<\/div>\n<\/div>\n<p>[\/vc_column_text][\/vc_column_inner][\/vc_row_inner][vc_row_inner][vc_column_inner width=&#8221;1\/3&#8243;][vc_column_text]<span style=\"color: #79814a;\"><strong>Anschrift<\/strong><\/span><br \/>\n<span style=\"color: #79814a;\">C\/ Puente del Moro, s\/n<\/span><br \/>\n<span style=\"color: #79814a;\">11612 \u2013 Benaocaz (C\u00e1diz)<\/span><\/p>\n<p><span style=\"color: #79814a;\"><strong>Telefon<\/strong><\/span><br \/>\n<span style=\"color: #79814a;\">(+34) 608 254 493<\/span><\/p>\n<p><span style=\"color: #79814a;\"><strong>E-mail<\/strong><\/span><br \/>\n<span style=\"color: #79814a;\">apartamentosalta@gmail.com<\/span>[\/vc_column_text][\/vc_column_inner][vc_column_inner width=&#8221;2\/3&#8243;]\n<div class=\"wpcf7 no-js\" id=\"wpcf7-f540-o1\" lang=\"es-ES\" dir=\"ltr\">\n<div class=\"screen-reader-response\"><p role=\"status\" aria-live=\"polite\" aria-atomic=\"true\"><\/p> <ul><\/ul><\/div>\n<form action=\"\/de\/wp-json\/wp\/v2\/pages\/534#wpcf7-f540-o1\" method=\"post\" class=\"wpcf7-form init\" aria-label=\"Contact form\" novalidate=\"novalidate\" data-status=\"init\">\n<div style=\"display: none;\">\n<input type=\"hidden\" name=\"_wpcf7\" value=\"540\" \/>\n<input type=\"hidden\" name=\"_wpcf7_version\" value=\"5.7.7\" \/>\n<input type=\"hidden\" name=\"_wpcf7_locale\" value=\"es_ES\" \/>\n<input type=\"hidden\" name=\"_wpcf7_unit_tag\" value=\"wpcf7-f540-o1\" \/>\n<input type=\"hidden\" name=\"_wpcf7_container_post\" value=\"0\" \/>\n<input type=\"hidden\" name=\"_wpcf7_posted_data_hash\" value=\"\" \/>\n<input type=\"hidden\" name=\"_wpcf7_recaptcha_response\" value=\"\" \/>\n<\/div>\n<p><label> <span class=\"wpcf7-form-control-wrap\" data-name=\"your-name\"><input size=\"40\" class=\"wpcf7-form-control wpcf7-text wpcf7-validates-as-required\" aria-required=\"true\" aria-invalid=\"false\" placeholder=\"Name *\" value=\"\" type=\"text\" name=\"your-name\" \/><\/span> <\/label>\n<\/p>\n<p><label> <span class=\"wpcf7-form-control-wrap\" data-name=\"your-email\"><input size=\"40\" class=\"wpcf7-form-control wpcf7-text wpcf7-email wpcf7-validates-as-required wpcf7-validates-as-email\" aria-required=\"true\" aria-invalid=\"false\" placeholder=\"E-mail *\" value=\"\" type=\"email\" name=\"your-email\" \/><\/span> <\/label>\n<\/p>\n<p><label> <span class=\"wpcf7-form-control-wrap\" data-name=\"your-phone\"><input size=\"40\" class=\"wpcf7-form-control wpcf7-text wpcf7-tel wpcf7-validates-as-tel\" aria-invalid=\"false\" placeholder=\"Telefon\" value=\"\" type=\"tel\" name=\"your-phone\" \/><\/span> <\/label>\n<\/p>\n<p><label> <span class=\"wpcf7-form-control-wrap\" data-name=\"your-message\"><textarea cols=\"40\" rows=\"10\" class=\"wpcf7-form-control wpcf7-textarea wpcf7-validates-as-required\" aria-required=\"true\" aria-invalid=\"false\" placeholder=\"Nachricht *\" name=\"your-message\"><\/textarea><\/span> <\/label>\n<\/p>\n\n<p><input class=\"wpcf7-form-control has-spinner wpcf7-submit\" type=\"submit\" value=\"Senden\" \/>\n<\/p><p style=\"display: none !important;\"><label>&#916;<textarea name=\"_wpcf7_ak_hp_textarea\" cols=\"45\" rows=\"8\" maxlength=\"100\"><\/textarea><\/label><input type=\"hidden\" id=\"ak_js_1\" name=\"_wpcf7_ak_js\" value=\"74\"\/><script>document.getElementById( \"ak_js_1\" ).setAttribute( \"value\", ( new Date() ).getTime() );<\/script><\/p><div class=\"wpcf7-response-output\" aria-hidden=\"true\"><\/div>\n<\/form>\n<\/div>\n[\/vc_column_inner][\/vc_row_inner][\/vc_column][\/vc_row]<\/p>\n<\/section>","protected":false},"excerpt":{"rendered":"<p>[vc_row full_width=&#8221;stretch_row_content_no_spaces&#8221; content_placement=&#8221;middle&#8221; bg_type=&#8221;bg_color&#8221; bg_override=&#8221;ex-full&#8221; bg_color_value=&#8221;#ffffff&#8221; css=&#8221;.vc_custom_1556150262936{margin-top: -70px !important;}&#8221; el_id=&#8221;inicio&#8221;][vc_column][\/vc_column][\/vc_row][vc_row full_width=&#8221;stretch_row_content_no_spaces&#8221; content_placement=&#8221;middle&#8221; bg_type=&#8221;bg_color&#8221; bg_color_value=&#8221;#ffffff&#8221; css=&#8221;.vc_custom_1556150759814{padding-bottom: 25px !important;}&#8221;][vc_column][vc_column_text] Willkommen auf der Webseite von Sierra Alta [\/vc_column_text][vc_column_text css=&#8221;.vc_custom_1556159862046{margin-top: -15px !important;}&#8221;] L\u00e4ndlichen Wohnungen in der Sierra de Cadiz [\/vc_column_text][\/vc_column][\/vc_row][vc_row full_width=&#8221;stretch_row&#8221; content_placement=&#8221;middle&#8221; bg_type=&#8221;image&#8221; bg_override=&#8221;ex-full&#8221; enable_overlay=&#8221;enable_overlay_value&#8221; overlay_color=&#8221;rgba(0,0,0,0.46)&#8221; overlay_pattern_opacity=&#8221;40&#8243; overlay_pattern_attachment=&#8221;fixed&#8221; css=&#8221;.vc_custom_1556117132312{background: rgba(0,0,0,0.6) url(http:\/\/www.sierra-alta.com\/wp-content\/uploads\/2017\/02\/parqueNatural.jpg?id=209) !important;*background-color: rgb(0,0,0) !important;}&#8221;][vc_column][vc_column_text css=&#8221;.vc_custom_1556159906728{margin-top: 20px !important;margin-bottom: 45px !important;}&#8221;] &#8230;<\/p>\n","protected":false},"author":1,"featured_media":0,"parent":0,"menu_order":0,"comment_status":"closed","ping_status":"closed","template":"","meta":[],"jetpack_sharing_enabled":true,"jetpack_shortlink":"https:\/\/wp.me\/P8qEG1-8C","_links":{"self":[{"href":"https:\/\/www.sierra-alta.com\/de\/wp-json\/wp\/v2\/pages\/534"}],"collection":[{"href":"https:\/\/www.sierra-alta.com\/de\/wp-json\/wp\/v2\/pages"}],"about":[{"href":"https:\/\/www.sierra-alta.com\/de\/wp-json\/wp\/v2\/types\/page"}],"author":[{"embeddable":true,"href":"https:\/\/www.sierra-alta.com\/de\/wp-json\/wp\/v2\/users\/1"}],"replies":[{"embeddable":true,"href":"https:\/\/www.sierra-alta.com\/de\/wp-json\/wp\/v2\/comments?post=534"}],"version-history":[{"count":7,"href":"https:\/\/www.sierra-alta.com\/de\/wp-json\/wp\/v2\/pages\/534\/revisions"}],"predecessor-version":[{"id":1120,"href":"https:\/\/www.sierra-alta.com\/de\/wp-json\/wp\/v2\/pages\/534\/revisions\/1120"}],"wp:attachment":[{"href":"https:\/\/www.sierra-alta.com\/de\/wp-json\/wp\/v2\/media?parent=534"}],"curies":[{"name":"wp","href":"https:\/\/api.w.org\/{rel}","templated":true}]}}